{"id":153,"date":"2023-08-02T20:38:43","date_gmt":"2023-08-02T20:38:43","guid":{"rendered":"https:\/\/mayrink.g12.br\/teste\/?page_id=153"},"modified":"2023-08-05T22:18:20","modified_gmt":"2023-08-05T22:18:20","slug":"seletiva","status":"publish","type":"page","link":"https:\/\/mayrink.g12.br\/teste\/seletiva\/","title":{"rendered":"Seletiva de Bolsas 2024"},"content":{"rendered":"<div class=\"wpb-content-wrapper\"><p>[vc_row][vc_column][vc_single_image image=&#8221;154&#8243; img_size=&#8221;full&#8221;][\/vc_column][\/vc_row][vc_row][vc_column width=&#8221;2\/3&#8243;]<div class=\"fancy_heading fancy_heading_icon\"><div class=\"fh-top\"><\/div><h2 class=\"title\">Increva-se j\u00e1!<\/h2><\/div>\n[vc_column_text]Se voc\u00ea busca qualidade de ensino, valoriza\u00e7\u00e3o individual, excelente equipe de professores e a garantia do empenho constante de toda a Equipe Pedag\u00f3gica e Administrativa do MAYRINK para que seu(sua) filho(a) tenha uma educa\u00e7\u00e3o de qualidade e se torne PROTAGONISTA DA PR\u00d3PRIA HIST\u00d3RIA, fa\u00e7a o TESTE SELETIVA DE BOLSAS 2024. Seja bem-vindo(a)! <b>Como funciona?\u00a0<\/b>Para realizar o teste, os respons\u00e1veis devem preencher o formul\u00e1rio de inscri\u00e7\u00e3o e efetuar o pagamento da taxa no valor de R$45,00 (quarenta e cinco reais). Durante o preenchimento da ficha de inscri\u00e7\u00e3o dever\u00e1 ser informada a data da realiza\u00e7\u00e3o do teste. J\u00e1 os candidatos do ensino Infantil e 1\u00ba ano fundamental, de 3 a 5 anos ser\u00e3o selecionados por meio de uma entrevista Online e reuni\u00e3o presencial. <b>LEIA O EDITAL.<\/b>[\/vc_column_text][vc_btn title=&#8221;FORMUL\u00c1RIO DE INSCRI\u00c7\u00c3O&#8221; style=&#8221;3d&#8221; color=&#8221;danger&#8221; align=&#8221;center&#8221; link=&#8221;url:https%3A%2F%2Fmayrink.g12.br%2Fteste%2Fformulario%2F|title:Formulario&#8221;][vc_column_text]<\/p>\n<h5 style=\"text-align: center;\">Taxa de Inscri\u00e7\u00e3o R$45,00. O pagamento da Inscri\u00e7\u00e3o poder\u00e1 ser feito logo ap\u00f3s o preenchimento do formul\u00e1rio de inscri\u00e7\u00e3o ou pelo link abaixo. O PREENCHIMENTO DO FORMUL\u00c1RIO \u00c9 IMPRESCIND\u00cdVEL.<\/h5>\n<p>[\/vc_column_text][vc_btn title=&#8221;Gerar Fatura da Inscri\u00e7\u00e3o&#8221; style=&#8221;flat&#8221; color=&#8221;blue&#8221; align=&#8221;center&#8221; link=&#8221;url:https%3A%2F%2Fiug.li%2Fp%2F0DeT52A6&#8243;][\/vc_column][vc_column width=&#8221;1\/3&#8243; css=&#8221;.vc_custom_1691008826589{background-color: #e2e2e2 !important;}&#8221;]<div class=\"fancy_heading fancy_heading_icon\"><div class=\"fh-top\"><\/div><h2 class=\"title\">Editais<\/h2><\/div>\n[vc_btn title=&#8221;EDUCA\u00c7\u00c3O INFANTIL 3 a 5 anos&#8221; style=&#8221;flat&#8221; color=&#8221;warning&#8221; i_icon_fontawesome=&#8221;far fa-file-pdf&#8221; add_icon=&#8221;true&#8221; link=&#8221;url:https%3A%2F%2Fmayrink.g12.br%2Fteste%2Fwp-content%2Fuploads%2F2023%2F08%2F2024-EDITAL-SELETIVA-EDUCACAO-INFANTIL.pdf&#8221;][vc_btn title=&#8221;1\u00ba AO 5\u00ba ANO FUNDAMENTAL ANOS INICIAIS&#8221; style=&#8221;flat&#8221; color=&#8221;warning&#8221; i_icon_fontawesome=&#8221;far fa-file-pdf&#8221; add_icon=&#8221;true&#8221; link=&#8221;url:https%3A%2F%2Fmayrink.g12.br%2Fteste%2Fwp-content%2Fuploads%2F2023%2F08%2F2024-EDITAL-SELETIVA-1o-AO-5o-ANO.pdf&#8221;][vc_btn title=&#8221;6\u00ba AO 9\u00ba ANO FUNDAMENTAL E ENSINO M\u00c9DIO&#8221; style=&#8221;flat&#8221; color=&#8221;warning&#8221; i_icon_fontawesome=&#8221;far fa-file-pdf&#8221; add_icon=&#8221;true&#8221; link=&#8221;url:https%3A%2F%2Fmayrink.g12.br%2Fteste%2Fwp-content%2Fuploads%2F2023%2F08%2F2024-EDITAL-SELETIVA-6o-AO-9o-E-MEDIO.pdf&#8221;][\/vc_column][\/vc_row][vc_row css=&#8221;.vc_custom_1691008653788{background-color: #f4d810 !important;}&#8221;][vc_column][vc_custom_heading text=&#8221;Roteiros de Conte\u00fado&#8221; font_container=&#8221;tag:h3|text_align:center|color:%232f3579|line_height:3&#8243; google_fonts=&#8221;font_family:Raleway%3A100%2C200%2C300%2Cregular%2C500%2C600%2C700%2C800%2C900|font_style:600%20bold%20regular%3A600%3Anormal&#8221;][vc_separator color=&#8221;blue&#8221; border_width=&#8221;2&#8243;][\/vc_column][\/vc_row][vc_row css=&#8221;.vc_custom_1691008645036{background-color: #f4d810 !important;}&#8221;][vc_column width=&#8221;1\/3&#8243;][vc_btn title=&#8221;1\u00ba ao 5\u00ba Ano do Ensino Fundamental&#8221; style=&#8221;flat&#8221; color=&#8221;blue&#8221; align=&#8221;center&#8221; i_icon_fontawesome=&#8221;far fa-file-pdf&#8221; add_icon=&#8221;true&#8221; link=&#8221;url:https%3A%2F%2Fmayrink.g12.br%2Fteste%2Fwp-content%2Fuploads%2F2023%2F08%2FRelacao-de-conteudo-Seletiva-de-bolsa-2024-1o-ao-5o-ano.pdf&#8221;][\/vc_column][vc_column width=&#8221;1\/3&#8243;][vc_btn title=&#8221;6\u00ba ao 9\u00ba Ano do Ensino Fundamental&#8221; style=&#8221;flat&#8221; color=&#8221;blue&#8221; align=&#8221;center&#8221; i_icon_fontawesome=&#8221;far fa-file-pdf&#8221; add_icon=&#8221;true&#8221; link=&#8221;url:https%3A%2F%2Fmayrink.g12.br%2Fteste%2Fwp-content%2Fuploads%2F2023%2F08%2FRelacao-de-conteudo-Seletiva-de-bolsa-2024-6o.-ao-9o.ano_.pdf&#8221;][\/vc_column][vc_column width=&#8221;1\/3&#8243;][vc_btn title=&#8221;Ensino M\u00e9dio&#8221; style=&#8221;flat&#8221; color=&#8221;blue&#8221; align=&#8221;center&#8221; i_icon_fontawesome=&#8221;far fa-file-pdf&#8221; add_icon=&#8221;true&#8221; link=&#8221;url:https%3A%2F%2Fmayrink.g12.br%2Fteste%2Fwp-content%2Fuploads%2F2023%2F08%2FRelacao-de-conteudo-Seletiva-de-Bolsa-2024-Ensino-Medio.pdf&#8221;][\/vc_column][\/vc_row]<\/p>\n<\/div>","protected":false},"excerpt":{"rendered":"<p>[vc_row][vc_column][vc_single_image image=&#8221;154&#8243; img_size=&#8221;full&#8221;][\/vc_column][\/vc_row][vc_row][vc_column width=&#8221;2\/3&#8243;][vc_column_text]Se voc\u00ea busca qualidade de ensino, valoriza\u00e7\u00e3o individual, excelente equipe de professores e a garantia do empenho constante de toda a Equipe Pedag\u00f3gica<span class=\"excerpt-hellip\"> [\u2026]<\/span><\/p>\n","protected":false},"author":1,"featured_media":0,"parent":0,"menu_order":0,"comment_status":"closed","ping_status":"closed","template":"","meta":{"footnotes":""},"class_list":["post-153","page","type-page","status-publish","hentry"],"_links":{"self":[{"href":"https:\/\/mayrink.g12.br\/teste\/wp-json\/wp\/v2\/pages\/153","targetHints":{"allow":["GET"]}}],"collection":[{"href":"https:\/\/mayrink.g12.br\/teste\/wp-json\/wp\/v2\/pages"}],"about":[{"href":"https:\/\/mayrink.g12.br\/teste\/wp-json\/wp\/v2\/types\/page"}],"author":[{"embeddable":true,"href":"https:\/\/mayrink.g12.br\/teste\/wp-json\/wp\/v2\/users\/1"}],"replies":[{"embeddable":true,"href":"https:\/\/mayrink.g12.br\/teste\/wp-json\/wp\/v2\/comments?post=153"}],"version-history":[{"count":35,"href":"https:\/\/mayrink.g12.br\/teste\/wp-json\/wp\/v2\/pages\/153\/revisions"}],"predecessor-version":[{"id":263,"href":"https:\/\/mayrink.g12.br\/teste\/wp-json\/wp\/v2\/pages\/153\/revisions\/263"}],"wp:attachment":[{"href":"https:\/\/mayrink.g12.br\/teste\/wp-json\/wp\/v2\/media?parent=153"}],"curies":[{"name":"wp","href":"https:\/\/api.w.org\/{rel}","templated":true}]}}